{"id":22,"date":"2024-05-15T14:21:34","date_gmt":"2024-05-15T12:21:34","guid":{"rendered":"http:\/\/192.168.44.5\/?page_id=22"},"modified":"2024-10-18T13:26:29","modified_gmt":"2024-10-18T11:26:29","slug":"hirek","status":"publish","type":"page","link":"http:\/\/192.168.44.5\/index.php\/hirek\/","title":{"rendered":""},"content":{"rendered":"\n<p class=\"has-text-align-center has-contrast-color has-text-color has-link-color wp-elements-7197575eef4d899f030a162e944af0ad\" style=\"text-transform:uppercase\"><strong>H\u00edrek<\/strong><\/p>\n\n\n\n<div class=\"wp-block-query alignwide is-layout-flow wp-block-query-is-layout-flow\"><ul class=\"has-link-color columns-3 wp-elements-8406b59e09f1c5e979a209425f3624c0 wp-block-post-template has-text-color has-contrast-color is-layout-grid wp-container-core-post-template-is-layout-6d3fbd8f wp-block-post-template-is-layout-grid\"><li class=\"wp-block-post post-1389 post type-post status-publish format-standard has-post-thumbnail hentry category-egyeb\">\n\n<div class=\"wp-block-group is-layout-flow wp-block-group-is-layout-flow wp-elements-8406b59e09f1c5e979a209425f3624c0\" style=\"padding-top:30px;padding-right:30px;padding-bottom:30px;padding-left:30px\"><h2 class=\"wp-block-post-title has-medium-font-size\"><a href=\"http:\/\/192.168.44.5\/index.php\/2025\/06\/25\/jovoepites-2-2-2-2-2-2-2-2-2-2-2\/\" target=\"_self\" >P\u00e1lyaorient\u00e1ci\u00f3s nap az FTC MVM-n\u00e9l<\/a><\/h2>\n\n<figure class=\"wp-block-post-featured-image\"><a href=\"http:\/\/192.168.44.5\/index.php\/2025\/06\/25\/jovoepites-2-2-2-2-2-2-2-2-2-2-2\/\" target=\"_self\"  ><img loading=\"lazy\" decoding=\"async\" width=\"1280\" height=\"731\" src=\"http:\/\/192.168.44.5\/wp-content\/uploads\/2025\/06\/fo-e1750850243124.jpg\" class=\"attachment-post-thumbnail size-post-thumbnail wp-post-image\" alt=\"P\u00e1lyaorient\u00e1ci\u00f3s nap az FTC MVM-n\u00e9l\" style=\"object-fit:cover;\" srcset=\"http:\/\/192.168.44.5\/wp-content\/uploads\/2025\/06\/fo-e1750850243124.jpg 1280w, http:\/\/192.168.44.5\/wp-content\/uploads\/2025\/06\/fo-e1750850243124-300x171.jpg 300w, http:\/\/192.168.44.5\/wp-content\/uploads\/2025\/06\/fo-e1750850243124-1024x585.jpg 1024w, http:\/\/192.168.44.5\/wp-content\/uploads\/2025\/06\/fo-e1750850243124-768x439.jpg 768w\" sizes=\"auto, (max-width: 1280px) 100vw, 1280px\" \/><\/a><\/figure>\n\n<div class=\"has-link-color wp-elements-983d04b0c28c9f601b8a6964fe590736 wp-block-post-excerpt has-text-color has-contrast-color\"><p class=\"wp-block-post-excerpt__excerpt\">P\u00e1lyaorient\u00e1ci\u00f3 a Fradin\u00e1l P\u00e1lyaorient\u00e1ci\u00f3s nap az FTC MVM N\u00e9pligeti Sportk\u00f6zpontban \u00dajabb p\u00e1lyaorient\u00e1ci\u00f3s napot tartottunk&hellip;<\/p><p class=\"wp-block-post-excerpt__more-text\"><a class=\"wp-block-post-excerpt__more-link\" href=\"http:\/\/192.168.44.5\/index.php\/2025\/06\/25\/jovoepites-2-2-2-2-2-2-2-2-2-2-2\/\">B\u0151vebben<\/a><\/p><\/div><\/div>\n\n<\/li><li class=\"wp-block-post post-1354 post type-post status-publish format-standard has-post-thumbnail hentry category-egyeb\">\n\n<div class=\"wp-block-group is-layout-flow wp-block-group-is-layout-flow wp-elements-8406b59e09f1c5e979a209425f3624c0\" style=\"padding-top:30px;padding-right:30px;padding-bottom:30px;padding-left:30px\"><h2 class=\"wp-block-post-title has-medium-font-size\"><a href=\"http:\/\/192.168.44.5\/index.php\/2025\/05\/20\/jovoepites-2-2-2-2-2-2-2-2-2-2\/\" target=\"_self\" >P\u00e1lyaorient\u00e1ci\u00f3s nap a Cirkuszban<\/a><\/h2>\n\n<figure class=\"wp-block-post-featured-image\"><a href=\"http:\/\/192.168.44.5\/index.php\/2025\/05\/20\/jovoepites-2-2-2-2-2-2-2-2-2-2\/\" target=\"_self\"  ><img loading=\"lazy\" decoding=\"async\" width=\"1280\" height=\"731\" src=\"http:\/\/192.168.44.5\/wp-content\/uploads\/2025\/05\/Cirkusz_nyito-e1747728361382.jpg\" class=\"attachment-post-thumbnail size-post-thumbnail wp-post-image\" alt=\"P\u00e1lyaorient\u00e1ci\u00f3s nap a Cirkuszban\" style=\"object-fit:cover;\" srcset=\"http:\/\/192.168.44.5\/wp-content\/uploads\/2025\/05\/Cirkusz_nyito-e1747728361382.jpg 1280w, http:\/\/192.168.44.5\/wp-content\/uploads\/2025\/05\/Cirkusz_nyito-e1747728361382-300x171.jpg 300w, http:\/\/192.168.44.5\/wp-content\/uploads\/2025\/05\/Cirkusz_nyito-e1747728361382-1024x585.jpg 1024w, http:\/\/192.168.44.5\/wp-content\/uploads\/2025\/05\/Cirkusz_nyito-e1747728361382-768x439.jpg 768w\" sizes=\"auto, (max-width: 1280px) 100vw, 1280px\" \/><\/a><\/figure>\n\n<div class=\"has-link-color wp-elements-983d04b0c28c9f601b8a6964fe590736 wp-block-post-excerpt has-text-color has-contrast-color\"><p class=\"wp-block-post-excerpt__excerpt\">P\u00e1lyaorient\u00e1ci\u00f3 a Fradin\u00e1l P\u00e1lyaorient\u00e1ci\u00f3s nap a F\u0151v\u00e1rosi Nagycirkruszban M\u00e1jus 16-\u00e1n megrendez\u00e9sre ker\u00fclt a F\u0151v\u00e1rosi&hellip;<\/p><p class=\"wp-block-post-excerpt__more-text\"><a class=\"wp-block-post-excerpt__more-link\" href=\"http:\/\/192.168.44.5\/index.php\/2025\/05\/20\/jovoepites-2-2-2-2-2-2-2-2-2-2\/\">B\u0151vebben<\/a><\/p><\/div><\/div>\n\n<\/li><li class=\"wp-block-post post-1335 post type-post status-publish format-standard has-post-thumbnail hentry category-egyeb\">\n\n<div class=\"wp-block-group is-layout-flow wp-block-group-is-layout-flow wp-elements-8406b59e09f1c5e979a209425f3624c0\" style=\"padding-top:30px;padding-right:30px;padding-bottom:30px;padding-left:30px\"><h2 class=\"wp-block-post-title has-medium-font-size\"><a href=\"http:\/\/192.168.44.5\/index.php\/2025\/05\/19\/jovoepites-2-2-2-2-2-2-2-2-2\/\" target=\"_self\" >\u00dajabb p\u00e1lyaorient\u00e1ci\u00f3s nap a Fradin\u00e1l!<\/a><\/h2>\n\n<figure class=\"wp-block-post-featured-image\"><a href=\"http:\/\/192.168.44.5\/index.php\/2025\/05\/19\/jovoepites-2-2-2-2-2-2-2-2-2\/\" target=\"_self\"  ><img loading=\"lazy\" decoding=\"async\" width=\"1280\" height=\"731\" src=\"http:\/\/192.168.44.5\/wp-content\/uploads\/2025\/05\/FTC26_nyito-e1747663075551.jpg\" class=\"attachment-post-thumbnail size-post-thumbnail wp-post-image\" alt=\"\u00dajabb p\u00e1lyaorient\u00e1ci\u00f3s nap a Fradin\u00e1l!\" style=\"object-fit:cover;\" srcset=\"http:\/\/192.168.44.5\/wp-content\/uploads\/2025\/05\/FTC26_nyito-e1747663075551.jpg 1280w, http:\/\/192.168.44.5\/wp-content\/uploads\/2025\/05\/FTC26_nyito-e1747663075551-300x171.jpg 300w, http:\/\/192.168.44.5\/wp-content\/uploads\/2025\/05\/FTC26_nyito-e1747663075551-1024x585.jpg 1024w, http:\/\/192.168.44.5\/wp-content\/uploads\/2025\/05\/FTC26_nyito-e1747663075551-768x439.jpg 768w\" sizes=\"auto, (max-width: 1280px) 100vw, 1280px\" \/><\/a><\/figure>\n\n<div class=\"has-link-color wp-elements-983d04b0c28c9f601b8a6964fe590736 wp-block-post-excerpt has-text-color has-contrast-color\"><p class=\"wp-block-post-excerpt__excerpt\">P\u00e1lyaorient\u00e1ci\u00f3 a Fradin\u00e1l \u00dajabb p\u00e1lyaorient\u00e1ci\u00f3s nap a Fradin\u00e1l! 3.0 M\u00e1jus 9-\u00e9n \u00fajabb p\u00e1lyaorient\u00e1ci\u00f3s nap&hellip;<\/p><p class=\"wp-block-post-excerpt__more-text\"><a class=\"wp-block-post-excerpt__more-link\" href=\"http:\/\/192.168.44.5\/index.php\/2025\/05\/19\/jovoepites-2-2-2-2-2-2-2-2-2\/\">B\u0151vebben<\/a><\/p><\/div><\/div>\n\n<\/li><li class=\"wp-block-post post-1313 post type-post status-publish format-standard has-post-thumbnail hentry category-egyeb\">\n\n<div class=\"wp-block-group is-layout-flow wp-block-group-is-layout-flow wp-elements-8406b59e09f1c5e979a209425f3624c0\" style=\"padding-top:30px;padding-right:30px;padding-bottom:30px;padding-left:30px\"><h2 class=\"wp-block-post-title has-medium-font-size\"><a href=\"http:\/\/192.168.44.5\/index.php\/2025\/05\/19\/jovoepites-2-2-2-2-2-2-2-2\/\" target=\"_self\" >Fradi p\u00e1lyaorient\u00e1ci\u00f3s nap 2.0<\/a><\/h2>\n\n<figure class=\"wp-block-post-featured-image\"><a href=\"http:\/\/192.168.44.5\/index.php\/2025\/05\/19\/jovoepites-2-2-2-2-2-2-2-2\/\" target=\"_self\"  ><img loading=\"lazy\" decoding=\"async\" width=\"1280\" height=\"731\" src=\"http:\/\/192.168.44.5\/wp-content\/uploads\/2025\/05\/FTC01_nyito-e1747662927771.jpg\" class=\"attachment-post-thumbnail size-post-thumbnail wp-post-image\" alt=\"Fradi p\u00e1lyaorient\u00e1ci\u00f3s nap 2.0\" style=\"object-fit:cover;\" srcset=\"http:\/\/192.168.44.5\/wp-content\/uploads\/2025\/05\/FTC01_nyito-e1747662927771.jpg 1280w, http:\/\/192.168.44.5\/wp-content\/uploads\/2025\/05\/FTC01_nyito-e1747662927771-300x171.jpg 300w, http:\/\/192.168.44.5\/wp-content\/uploads\/2025\/05\/FTC01_nyito-e1747662927771-1024x585.jpg 1024w, http:\/\/192.168.44.5\/wp-content\/uploads\/2025\/05\/FTC01_nyito-e1747662927771-768x439.jpg 768w\" sizes=\"auto, (max-width: 1280px) 100vw, 1280px\" \/><\/a><\/figure>\n\n<div class=\"has-link-color wp-elements-983d04b0c28c9f601b8a6964fe590736 wp-block-post-excerpt has-text-color has-contrast-color\"><p class=\"wp-block-post-excerpt__excerpt\">P\u00e1lyaorient\u00e1ci\u00f3 a Fradin\u00e1l Fradi p\u00e1lyaorient\u00e1ci\u00f3s nap 2.0 \u00c1prilis 14-\u00e9n 20 \u00e1llami gondoskod\u00e1sban \u00e9l\u0151 fiatal&hellip;<\/p><p class=\"wp-block-post-excerpt__more-text\"><a class=\"wp-block-post-excerpt__more-link\" href=\"http:\/\/192.168.44.5\/index.php\/2025\/05\/19\/jovoepites-2-2-2-2-2-2-2-2\/\">B\u0151vebben<\/a><\/p><\/div><\/div>\n\n<\/li><li class=\"wp-block-post post-1186 post type-post status-publish format-standard has-post-thumbnail hentry category-egyeb\">\n\n<div class=\"wp-block-group is-layout-flow wp-block-group-is-layout-flow wp-elements-8406b59e09f1c5e979a209425f3624c0\" style=\"padding-top:30px;padding-right:30px;padding-bottom:30px;padding-left:30px\"><h2 class=\"wp-block-post-title has-medium-font-size\"><a href=\"http:\/\/192.168.44.5\/index.php\/2025\/03\/19\/jovoepites-2-2-2-2-2-2-2\/\" target=\"_self\" >Karrierlehet\u0151s\u00e9gek a Fradin\u00e1l<\/a><\/h2>\n\n<figure class=\"wp-block-post-featured-image\"><a href=\"http:\/\/192.168.44.5\/index.php\/2025\/03\/19\/jovoepites-2-2-2-2-2-2-2\/\" target=\"_self\"  ><img loading=\"lazy\" decoding=\"async\" width=\"1280\" height=\"731\" src=\"http:\/\/192.168.44.5\/wp-content\/uploads\/2025\/03\/FTC_81-e1742387911426.jpg\" class=\"attachment-post-thumbnail size-post-thumbnail wp-post-image\" alt=\"Karrierlehet\u0151s\u00e9gek a Fradin\u00e1l\" style=\"object-fit:cover;\" srcset=\"http:\/\/192.168.44.5\/wp-content\/uploads\/2025\/03\/FTC_81-e1742387911426.jpg 1280w, http:\/\/192.168.44.5\/wp-content\/uploads\/2025\/03\/FTC_81-e1742387911426-300x171.jpg 300w, http:\/\/192.168.44.5\/wp-content\/uploads\/2025\/03\/FTC_81-e1742387911426-1024x585.jpg 1024w, http:\/\/192.168.44.5\/wp-content\/uploads\/2025\/03\/FTC_81-e1742387911426-768x439.jpg 768w\" sizes=\"auto, (max-width: 1280px) 100vw, 1280px\" \/><\/a><\/figure>\n\n<div class=\"has-link-color wp-elements-983d04b0c28c9f601b8a6964fe590736 wp-block-post-excerpt has-text-color has-contrast-color\"><p class=\"wp-block-post-excerpt__excerpt\">P\u00e1lyaorient\u00e1ci\u00f3 a Fradin\u00e1l Karrierlehet\u0151s\u00e9gek testk\u00f6zelb\u0151l \u2013 P\u00e1lyaorient\u00e1ci\u00f3 a Fradin\u00e1l M\u00e1rcius 12-\u00e9n 25 fiatal \u00e9s&hellip;<\/p><p class=\"wp-block-post-excerpt__more-text\"><a class=\"wp-block-post-excerpt__more-link\" href=\"http:\/\/192.168.44.5\/index.php\/2025\/03\/19\/jovoepites-2-2-2-2-2-2-2\/\">B\u0151vebben<\/a><\/p><\/div><\/div>\n\n<\/li><li class=\"wp-block-post post-1178 post type-post status-publish format-standard has-post-thumbnail hentry category-egyeb\">\n\n<div class=\"wp-block-group is-layout-flow wp-block-group-is-layout-flow wp-elements-8406b59e09f1c5e979a209425f3624c0\" style=\"padding-top:30px;padding-right:30px;padding-bottom:30px;padding-left:30px\"><h2 class=\"wp-block-post-title has-medium-font-size\"><a href=\"http:\/\/192.168.44.5\/index.php\/2025\/02\/26\/jovoepites-2-2-2-2-2-2\/\" target=\"_self\" >A megmentett ifj\u00fa \u00e9letek\u00e9rt<\/a><\/h2>\n\n<figure class=\"wp-block-post-featured-image\"><a href=\"http:\/\/192.168.44.5\/index.php\/2025\/02\/26\/jovoepites-2-2-2-2-2-2\/\" target=\"_self\"  ><img loading=\"lazy\" decoding=\"async\" width=\"1280\" height=\"731\" src=\"http:\/\/192.168.44.5\/wp-content\/uploads\/2025\/02\/app-e1740569499571.jpg\" class=\"attachment-post-thumbnail size-post-thumbnail wp-post-image\" alt=\"A megmentett ifj\u00fa \u00e9letek\u00e9rt\" style=\"object-fit:cover;\" srcset=\"http:\/\/192.168.44.5\/wp-content\/uploads\/2025\/02\/app-e1740569499571.jpg 1280w, http:\/\/192.168.44.5\/wp-content\/uploads\/2025\/02\/app-e1740569499571-300x171.jpg 300w, http:\/\/192.168.44.5\/wp-content\/uploads\/2025\/02\/app-e1740569499571-1024x585.jpg 1024w, http:\/\/192.168.44.5\/wp-content\/uploads\/2025\/02\/app-e1740569499571-768x439.jpg 768w\" sizes=\"auto, (max-width: 1280px) 100vw, 1280px\" \/><\/a><\/figure>\n\n<div class=\"has-link-color wp-elements-983d04b0c28c9f601b8a6964fe590736 wp-block-post-excerpt has-text-color has-contrast-color\"><p class=\"wp-block-post-excerpt__excerpt\">P\u00e1lyaorient\u00e1ci\u00f3s mentorprogram \u00e1llami gondozott fiataloknak A megmentett ifj\u00fa \u00e9letek\u00e9rt<\/p><p class=\"wp-block-post-excerpt__more-text\"><a class=\"wp-block-post-excerpt__more-link\" href=\"http:\/\/192.168.44.5\/index.php\/2025\/02\/26\/jovoepites-2-2-2-2-2-2\/\">B\u0151vebben<\/a><\/p><\/div><\/div>\n\n<\/li><\/ul>\n\n<nav class=\"wp-block-query-pagination is-content-justification-space-between is-nowrap is-layout-flex wp-container-core-query-pagination-is-layout-cb46ffcb wp-block-query-pagination-is-layout-flex\" aria-label=\"Lapoz\u00e1s\">\n\n\n<a href=\"\/index.php\/wp-json\/wp\/v2\/pages\/22?query-50-page=2\" style=\"font-size:clamp(1.25rem, 1.25rem + ((1vw - 0.2rem) * 1.111), 2rem);font-style:normal;font-weight:600;text-transform:uppercase;letter-spacing:1px;\" class=\"wp-block-query-pagination-next\">K\u00f6vetkez\u0151 oldal<\/a>\n<\/nav><\/div>\n","protected":false},"excerpt":{"rendered":"<p>H\u00edrek<\/p>\n","protected":false},"author":1,"featured_media":0,"parent":0,"menu_order":0,"comment_status":"closed","ping_status":"closed","template":"","meta":{"footnotes":""},"class_list":["post-22","page","type-page","status-publish","hentry"],"_links":{"self":[{"href":"http:\/\/192.168.44.5\/index.php\/wp-json\/wp\/v2\/pages\/22","targetHints":{"allow":["GET"]}}],"collection":[{"href":"http:\/\/192.168.44.5\/index.php\/wp-json\/wp\/v2\/pages"}],"about":[{"href":"http:\/\/192.168.44.5\/index.php\/wp-json\/wp\/v2\/types\/page"}],"author":[{"embeddable":true,"href":"http:\/\/192.168.44.5\/index.php\/wp-json\/wp\/v2\/users\/1"}],"replies":[{"embeddable":true,"href":"http:\/\/192.168.44.5\/index.php\/wp-json\/wp\/v2\/comments?post=22"}],"version-history":[{"count":10,"href":"http:\/\/192.168.44.5\/index.php\/wp-json\/wp\/v2\/pages\/22\/revisions"}],"predecessor-version":[{"id":961,"href":"http:\/\/192.168.44.5\/index.php\/wp-json\/wp\/v2\/pages\/22\/revisions\/961"}],"wp:attachment":[{"href":"http:\/\/192.168.44.5\/index.php\/wp-json\/wp\/v2\/media?parent=22"}],"curies":[{"name":"wp","href":"https:\/\/api.w.org\/{rel}","templated":true}]}}