{"id":265,"date":"2024-08-22T14:15:46","date_gmt":"2024-08-22T12:15:46","guid":{"rendered":"http:\/\/192.168.44.5\/?page_id=265"},"modified":"2025-03-21T08:51:02","modified_gmt":"2025-03-21T07:51:02","slug":"munka","status":"publish","type":"page","link":"http:\/\/192.168.44.5\/index.php\/munka\/","title":{"rendered":"Munkalehet\u0151s\u00e9gek"},"content":{"rendered":"\n<p><strong><a href=\"http:\/\/192.168.44.5\/index.php\/2024\/05\/30\/teszt\/\" data-type=\"link\" data-id=\"http:\/\/192.168.44.5\/index.php\/2024\/05\/31\/teszt\/\">B+N Referencia Zrt.<\/a><\/strong><\/p>\n\n\n\n<p><strong><a href=\"http:\/\/192.168.44.5\/index.php\/2024\/05\/31\/profiled\/\" data-type=\"post\" data-id=\"66\">Profield Sales Kft.<\/a><\/strong><\/p>\n\n\n\n<p><a href=\"http:\/\/192.168.44.5\/index.php\/2024\/05\/31\/anhel\/\" data-type=\"post\" data-id=\"66\"><strong>OTP Bank Nyrt.<\/strong><\/a><\/p>\n\n\n\n<p><a href=\"http:\/\/192.168.44.5\/index.php\/2024\/05\/31\/hunguest-hotels\/\" data-type=\"post\" data-id=\"66\"><strong>Hunguest Hotels<\/strong><\/a><\/p>\n\n\n\n<p><a href=\"http:\/\/192.168.44.5\/index.php\/2024\/10\/18\/jovoepites-2\/\/\" data-type=\"post\" data-id=\"66\"><strong>JYSK Kft.<\/strong><\/a><\/p>\n\n\n\n<p><a href=\"http:\/\/192.168.44.5\/index.php\/2024\/11\/05\/jovoepites-2-2-2\/\/\" data-type=\"post\" data-id=\"66\"><strong>Orsz\u00e1gos Rend\u0151r-f\u0151kapit\u00e1nys\u00e1g<\/strong><\/a><\/p>\n\n\n\n<p><a href=\"http:\/\/192.168.44.5\/index.php\/jysk-retail\/\/\" data-type=\"post\" data-id=\"66\"><strong>JYSK RETAIL <\/strong><\/a><\/p>\n","protected":false},"excerpt":{"rendered":"<p>B+N Referencia Zrt. Profield Sales Kft. OTP Bank Nyrt. Hunguest Hotels JYSK Kft. Orsz\u00e1gos Rend\u0151r-f\u0151kapit\u00e1nys\u00e1g JYSK RETAIL<\/p>\n","protected":false},"author":1,"featured_media":0,"parent":0,"menu_order":0,"comment_status":"closed","ping_status":"closed","template":"","meta":{"footnotes":""},"class_list":["post-265","page","type-page","status-publish","hentry"],"_links":{"self":[{"href":"http:\/\/192.168.44.5\/index.php\/wp-json\/wp\/v2\/pages\/265","targetHints":{"allow":["GET"]}}],"collection":[{"href":"http:\/\/192.168.44.5\/index.php\/wp-json\/wp\/v2\/pages"}],"about":[{"href":"http:\/\/192.168.44.5\/index.php\/wp-json\/wp\/v2\/types\/page"}],"author":[{"embeddable":true,"href":"http:\/\/192.168.44.5\/index.php\/wp-json\/wp\/v2\/users\/1"}],"replies":[{"embeddable":true,"href":"http:\/\/192.168.44.5\/index.php\/wp-json\/wp\/v2\/comments?post=265"}],"version-history":[{"count":24,"href":"http:\/\/192.168.44.5\/index.php\/wp-json\/wp\/v2\/pages\/265\/revisions"}],"predecessor-version":[{"id":1274,"href":"http:\/\/192.168.44.5\/index.php\/wp-json\/wp\/v2\/pages\/265\/revisions\/1274"}],"wp:attachment":[{"href":"http:\/\/192.168.44.5\/index.php\/wp-json\/wp\/v2\/media?parent=265"}],"curies":[{"name":"wp","href":"https:\/\/api.w.org\/{rel}","templated":true}]}}