{"id":29,"date":"2024-05-15T14:51:07","date_gmt":"2024-05-15T12:51:07","guid":{"rendered":"http:\/\/192.168.44.5\/?page_id=29"},"modified":"2024-10-22T10:51:16","modified_gmt":"2024-10-22T08:51:16","slug":"5-2","status":"publish","type":"page","link":"http:\/\/192.168.44.5\/index.php\/5-2\/","title":{"rendered":"Kapcsolat"},"content":{"rendered":"\n<!-- Google tag (gtag.js) -->\n<script async src=\"https:\/\/www.googletagmanager.com\/gtag\/js?id=G-TSC0R5QSZF\"><\/script>\n<script>\n  window.dataLayer = window.dataLayer || [];\n  function gtag(){dataLayer.push(arguments);}\n  gtag('js', new Date());\n\n  gtag('config', 'G-TSC0R5QSZF');\n<\/script>\n<p><\/p>\n\n\n\n<p class=\"has-contrast-color has-text-color has-link-color wp-elements-9e7bebe51df66d605699f9f5a20be798\"><strong>Bel\u00fcgyminiszt\u00e9rium &#8211; Gondoskod\u00e1spolitik\u00e1\u00e9rt Felel\u0151s \u00c1llamtitk\u00e1rs\u00e1g<\/strong><br><strong>C\u00edm<\/strong>: 1011 Budapest, F\u0151 utca 44-50.<br><strong>Telefon<\/strong>: +36 70 702 8579 ; +36 30 179 7571<br><strong>E-mail:<\/strong> <a href=\"mailto:apponyi@bm.gov.hu\">apponyi@bm.gov.hu<\/a><br><strong>Web<\/strong>: <a href=\"http:\/\/192.168.44.5\/\" target=\"_blank\" rel=\"noopener\">www.apponyimuhely.hu<\/a><\/p>\n\n\n<p><!-- \u00dcres bekezd\u00e9s (ha sz\u00fcks\u00e9ges, elt\u00e1vol\u00edthat\u00f3) --><\/p>\n\n\n<p class=\"has-contrast-color has-text-color has-link-color wp-elements-60bf8c67e2b6a9a3c02661d382b116e1\"><\/p>\n\n\n<p><!-- K\u00e9t log\u00f3 egy sorban --><\/p>\n<p><!-- \u00dcres bekezd\u00e9s (ha sz\u00fcks\u00e9ges, elt\u00e1vol\u00edthat\u00f3) --><\/p>\n\n\n<!-- K\u00e9t k\u00e9p egy sorban, egyik balra, a m\u00e1sik jobbra -->\n<div style=\"display: flex; justify-content: space-between; align-items: center;\">\n    <!-- Els\u0151 k\u00e9p balra -->\n<a href=\"https:\/\/kormany.hu\/belugyminiszterium\" target=\"_blank\" rel=\"noopener\">\n    <img decoding=\"async\" src=\"http:\/\/192.168.44.5\/wp-content\/uploads\/2024\/10\/Belugyminiszterium_logo-P-arany.jpg\" alt=\"Els\u0151 k\u00e9p\" style=\"width:240px; height:auto;\">\n<\/a>    \n\n\n    <!-- M\u00e1sodik k\u00e9p jobbra -->\n    <img decoding=\"async\" src=\"http:\/\/192.168.44.5\/wp-content\/uploads\/2024\/10\/LOGO_kicsi.png\" alt=\"M\u00e1sodik k\u00e9p\" style=\"width:270px; height:auto;\">\n<\/div>\n","protected":false},"excerpt":{"rendered":"<p>Bel\u00fcgyminiszt\u00e9rium &#8211; Gondoskod\u00e1spolitik\u00e1\u00e9rt Felel\u0151s \u00c1llamtitk\u00e1rs\u00e1gC\u00edm: 1011 Budapest, F\u0151 utca 44-50.Telefon: +36 70 702 8579 ; +36 30 179 7571E-mail: apponyi@bm.gov.huWeb: www.apponyimuhely.hu<\/p>\n","protected":false},"author":1,"featured_media":0,"parent":0,"menu_order":0,"comment_status":"closed","ping_status":"closed","template":"","meta":{"footnotes":""},"class_list":["post-29","page","type-page","status-publish","hentry"],"_links":{"self":[{"href":"http:\/\/192.168.44.5\/index.php\/wp-json\/wp\/v2\/pages\/29","targetHints":{"allow":["GET"]}}],"collection":[{"href":"http:\/\/192.168.44.5\/index.php\/wp-json\/wp\/v2\/pages"}],"about":[{"href":"http:\/\/192.168.44.5\/index.php\/wp-json\/wp\/v2\/types\/page"}],"author":[{"embeddable":true,"href":"http:\/\/192.168.44.5\/index.php\/wp-json\/wp\/v2\/users\/1"}],"replies":[{"embeddable":true,"href":"http:\/\/192.168.44.5\/index.php\/wp-json\/wp\/v2\/comments?post=29"}],"version-history":[{"count":48,"href":"http:\/\/192.168.44.5\/index.php\/wp-json\/wp\/v2\/pages\/29\/revisions"}],"predecessor-version":[{"id":969,"href":"http:\/\/192.168.44.5\/index.php\/wp-json\/wp\/v2\/pages\/29\/revisions\/969"}],"wp:attachment":[{"href":"http:\/\/192.168.44.5\/index.php\/wp-json\/wp\/v2\/media?parent=29"}],"curies":[{"name":"wp","href":"https:\/\/api.w.org\/{rel}","templated":true}]}}