{"id":385,"date":"2024-09-04T13:20:12","date_gmt":"2024-09-04T11:20:12","guid":{"rendered":"http:\/\/192.168.44.5\/?page_id=385"},"modified":"2024-11-14T14:38:45","modified_gmt":"2024-11-14T13:38:45","slug":"apponyi-franciska-jovomuhelyrol","status":"publish","type":"page","link":"http:\/\/192.168.44.5\/index.php\/apponyi-franciska-jovomuhelyrol\/","title":{"rendered":"Apponyi Franciska J\u00f6v\u0151m\u0171hely Program"},"content":{"rendered":"\n<figure class=\"wp-block-image size-full\"><img loading=\"lazy\" decoding=\"async\" width=\"2491\" height=\"7307\" src=\"http:\/\/192.168.44.5\/wp-content\/uploads\/2024\/11\/Apponyi_Web_Grafika_01-02.png\" alt=\"\" class=\"wp-image-1050\" srcset=\"http:\/\/192.168.44.5\/wp-content\/uploads\/2024\/11\/Apponyi_Web_Grafika_01-02.png 2491w, http:\/\/192.168.44.5\/wp-content\/uploads\/2024\/11\/Apponyi_Web_Grafika_01-02-102x300.png 102w, http:\/\/192.168.44.5\/wp-content\/uploads\/2024\/11\/Apponyi_Web_Grafika_01-02-349x1024.png 349w, http:\/\/192.168.44.5\/wp-content\/uploads\/2024\/11\/Apponyi_Web_Grafika_01-02-768x2253.png 768w, http:\/\/192.168.44.5\/wp-content\/uploads\/2024\/11\/Apponyi_Web_Grafika_01-02-524x1536.png 524w, http:\/\/192.168.44.5\/wp-content\/uploads\/2024\/11\/Apponyi_Web_Grafika_01-02-698x2048.png 698w\" sizes=\"auto, (max-width: 2491px) 100vw, 2491px\" \/><\/figure>\n","protected":false},"excerpt":{"rendered":"","protected":false},"author":1,"featured_media":0,"parent":0,"menu_order":0,"comment_status":"closed","ping_status":"closed","template":"","meta":{"footnotes":""},"class_list":["post-385","page","type-page","status-publish","hentry"],"_links":{"self":[{"href":"http:\/\/192.168.44.5\/index.php\/wp-json\/wp\/v2\/pages\/385","targetHints":{"allow":["GET"]}}],"collection":[{"href":"http:\/\/192.168.44.5\/index.php\/wp-json\/wp\/v2\/pages"}],"about":[{"href":"http:\/\/192.168.44.5\/index.php\/wp-json\/wp\/v2\/types\/page"}],"author":[{"embeddable":true,"href":"http:\/\/192.168.44.5\/index.php\/wp-json\/wp\/v2\/users\/1"}],"replies":[{"embeddable":true,"href":"http:\/\/192.168.44.5\/index.php\/wp-json\/wp\/v2\/comments?post=385"}],"version-history":[{"count":11,"href":"http:\/\/192.168.44.5\/index.php\/wp-json\/wp\/v2\/pages\/385\/revisions"}],"predecessor-version":[{"id":1074,"href":"http:\/\/192.168.44.5\/index.php\/wp-json\/wp\/v2\/pages\/385\/revisions\/1074"}],"wp:attachment":[{"href":"http:\/\/192.168.44.5\/index.php\/wp-json\/wp\/v2\/media?parent=385"}],"curies":[{"name":"wp","href":"https:\/\/api.w.org\/{rel}","templated":true}]}}