{"id":386,"date":"2024-09-04T13:20:40","date_gmt":"2024-09-04T11:20:40","guid":{"rendered":"http:\/\/192.168.44.5\/?page_id=386"},"modified":"2024-11-14T13:14:24","modified_gmt":"2024-11-14T12:14:24","slug":"nevadonkrol-2","status":"publish","type":"page","link":"http:\/\/192.168.44.5\/index.php\/nevadonkrol-2\/","title":{"rendered":"A n\u00e9vad\u00f3: Apponyi Franciska Gr\u00f3fn\u0151"},"content":{"rendered":"\n<div class=\"wp-block-media-text alignwide has-media-on-the-right is-stacked-on-mobile is-vertically-aligned-center\" style=\"margin-top:0px;margin-right:0px;margin-bottom:0px;margin-left:0px;padding-top:0px;padding-right:119px;padding-bottom:0px;padding-left:119px;grid-template-columns:auto 37%\"><div class=\"wp-block-media-text__content\">\n<!DOCTYPE html>\n<html lang=\"hu\">\n<head>\n    <meta charset=\"UTF-8\">\n    <meta name=\"viewport\" content=\"width=device-width, initial-scale=1.0\">\n    <title>Apponyi Franciska Gr\u00f3fn\u0151<\/title>\n    <style>\n        body {\n            \n            background-color: #ffffff; \/* Feh\u00e9r h\u00e1tt\u00e9r *\/\n            margin: 20px;\n        }\n        .content {\n            max-width: 600px;\n            margin: auto;\n            padding: 20px;\n            background-color: #ffffff; \/* Feh\u00e9r h\u00e1tt\u00e9r a dobozban is *\/\n            border: none; \/* Keret elt\u00e1vol\u00edt\u00e1sa *\/\n            box-shadow: none; \/* \u00c1rny\u00e9k elt\u00e1vol\u00edt\u00e1sa *\/\n        }\n        p {\n            text-align: justify; \/* Sorkiz\u00e1rt sz\u00f6veg *\/\n            font-size: 16px;\n            line-height: 1.6;\n            color: #000000; \/* Fekete sz\u00f6veg *\/\n        }\n    <\/style>\n<\/head>\n<body>\n\n    <div class=\"content\">\n\n        <p text-align: justify>A tekint\u00e9lyes arisztokrata csal\u00e1dban, 1879-ben sz\u00fcletett Gr\u00f3f Apponyi Franciska.<\/p>\n        <p>Az I. vil\u00e1gh\u00e1bor\u00fa alaposan felforgatta a t\u00e1rsadalmi viszonyokat. Mivel sok csal\u00e1dban a frontra ker\u00fclt f\u00e9rfi volt a csal\u00e1dfenntart\u00f3, illetve az egyetlen keres\u0151, az asszonyok t\u00f6meg\u00e9vel maradtak egyed\u00fcl j\u00f6vedelem \u00e9s t\u00e1masz n\u00e9lk\u00fcl. Rengeteg n\u0151 munkav\u00e1llal\u00e1sra k\u00e9nyszer\u00fclt, de gondot jelentett sz\u00e1m\u00e1ra kisgyermeke elhelyez\u00e9se.<\/p>\n        <p>Ez a rendk\u00edv\u00fcli helyzet ind\u00edtotta arra Apponyi Francisk\u00e1t, hogy idej\u00e9t, energi\u00e1j\u00e1t, s\u0151t r\u00e9szben p\u00e9nz\u00e9t is a r\u00e1szorultak megseg\u00edt\u00e9s\u00e9re ford\u00edtsa. Kezdem\u00e9nyez\u00e9s\u00e9re \u00e9p\u00fclt fel az els\u0151 vil\u00e1gh\u00e1bor\u00fa ut\u00e1n F\u00f3ton a \u201eSuum Cuique\u201d telep, lakhat\u00e1st biztos\u00edtva a hadi\u00f6zvegyek \u00e9s gyermekeik sz\u00e1m\u00e1ra.<\/p>\n        <p>A gr\u00f3fn\u0151 az \u00e1llami gondoskod\u00e1st megel\u0151zve karolta fel a r\u00e1szorultakat, s adott mint\u00e1t szoci\u00e1lis int\u00e9zm\u00e9nyek szervez\u00e9s\u00e9re.<\/p>\n    <\/div>\n\n<\/body>\n<\/html>\n<\/div><figure class=\"wp-block-media-text__media\"><img loading=\"lazy\" decoding=\"async\" width=\"850\" height=\"580\" src=\"http:\/\/192.168.44.5\/wp-content\/uploads\/2024\/11\/apponyi_franciska.jpg\" alt=\"\" class=\"wp-image-1063 size-full\" srcset=\"http:\/\/192.168.44.5\/wp-content\/uploads\/2024\/11\/apponyi_franciska.jpg 850w, http:\/\/192.168.44.5\/wp-content\/uploads\/2024\/11\/apponyi_franciska-300x205.jpg 300w, http:\/\/192.168.44.5\/wp-content\/uploads\/2024\/11\/apponyi_franciska-768x524.jpg 768w\" sizes=\"auto, (max-width: 850px) 100vw, 850px\" \/><\/figure><\/div>\n","protected":false},"excerpt":{"rendered":"<p>Apponyi Franciska Gr\u00f3fn\u0151 A tekint\u00e9lyes arisztokrata csal\u00e1dban, 1879-ben sz\u00fcletett Gr\u00f3f Apponyi Franciska. Az I. vil\u00e1gh\u00e1bor\u00fa alaposan felforgatta a t\u00e1rsadalmi viszonyokat. Mivel sok csal\u00e1dban a frontra ker\u00fclt f\u00e9rfi volt a csal\u00e1dfenntart\u00f3, illetve az egyetlen keres\u0151, az asszonyok t\u00f6meg\u00e9vel maradtak egyed\u00fcl j\u00f6vedelem \u00e9s t\u00e1masz n\u00e9lk\u00fcl. Rengeteg n\u0151 munkav\u00e1llal\u00e1sra k\u00e9nyszer\u00fclt, de gondot jelentett sz\u00e1m\u00e1ra kisgyermeke elhelyez\u00e9se. Ez a [&hellip;]<\/p>\n","protected":false},"author":1,"featured_media":0,"parent":0,"menu_order":0,"comment_status":"closed","ping_status":"closed","template":"","meta":{"footnotes":""},"class_list":["post-386","page","type-page","status-publish","hentry"],"_links":{"self":[{"href":"http:\/\/192.168.44.5\/index.php\/wp-json\/wp\/v2\/pages\/386","targetHints":{"allow":["GET"]}}],"collection":[{"href":"http:\/\/192.168.44.5\/index.php\/wp-json\/wp\/v2\/pages"}],"about":[{"href":"http:\/\/192.168.44.5\/index.php\/wp-json\/wp\/v2\/types\/page"}],"author":[{"embeddable":true,"href":"http:\/\/192.168.44.5\/index.php\/wp-json\/wp\/v2\/users\/1"}],"replies":[{"embeddable":true,"href":"http:\/\/192.168.44.5\/index.php\/wp-json\/wp\/v2\/comments?post=386"}],"version-history":[{"count":67,"href":"http:\/\/192.168.44.5\/index.php\/wp-json\/wp\/v2\/pages\/386\/revisions"}],"predecessor-version":[{"id":1068,"href":"http:\/\/192.168.44.5\/index.php\/wp-json\/wp\/v2\/pages\/386\/revisions\/1068"}],"wp:attachment":[{"href":"http:\/\/192.168.44.5\/index.php\/wp-json\/wp\/v2\/media?parent=386"}],"curies":[{"name":"wp","href":"https:\/\/api.w.org\/{rel}","templated":true}]}}