{"id":500,"date":"2024-09-12T14:31:02","date_gmt":"2024-09-12T12:31:02","guid":{"rendered":"http:\/\/192.168.44.5\/?page_id=500"},"modified":"2024-10-21T09:00:32","modified_gmt":"2024-10-21T07:00:32","slug":"cirkusz","status":"publish","type":"page","link":"http:\/\/192.168.44.5\/index.php\/cirkusz\/","title":{"rendered":"F\u0151v\u00e1rosi Nagycirkusz"},"content":{"rendered":"\n<p class=\"has-contrast-color has-text-color has-link-color wp-elements-264d37ff633120ac3ae8a4f03e9301db\"><p class=\"has-contrast-color has-text-color has-link-color\" style=\"text-align: justify;\">Az Apponyi Franciska J\u00f6v\u0151m\u0171hely Program m\u00e1sodik alprogramja egy 18 \u00e9ven aluliaknak sz\u00f3l\u00f3 p\u00e1lyaorient\u00e1ci\u00f3s program, amely a tov\u00e1bbtanul\u00e1sban \u00e9s tudatos p\u00e1lyav\u00e1laszt\u00e1sban ny\u00fajt seg\u00edts\u00e9get.<\/p><\/p>\n\n\n\n<p><\/p>\n\n\n\n<p class=\"has-contrast-color has-text-color has-link-color wp-elements-482b1df4b8a83530a91c593a6fe645ee\"><p class=\"has-contrast-color has-text-color has-link-color\" style=\"text-align: justify;\">Ehhez a Programhoz eddig a F\u0151v\u00e1rosi Nagycirkusz csatlakozott.<\/p><\/p>\n\n\n\n<p class=\"has-contrast-color has-text-color has-link-color wp-elements-46281ca6c9b112ad7802a355b797c06b\"><p class=\"has-contrast-color has-text-color has-link-color\" style=\"text-align: justify;\">A F\u0151v\u00e1rosi Nagycirkusz t\u00fal azon, hogy eddig 1000 gyermeknek \u00e9s k\u00eds\u00e9r\u0151j\u00e9nek biztos\u00edtott ingyenes l\u00e1togat\u00e1st cirkuszi el\u0151ad\u00e1saikra, p\u00e1lyaorient\u00e1ci\u00f3s napot szervezett, 14 \u00e9s 18 \u00e9ves gyermekv\u00e9delmi szakell\u00e1t\u00e1sban \u00e9l\u0151 gyermekek sz\u00e1m\u00e1ra, bemutatva a f\u00e9ny-\u00e9s hangtechnikus, porond mesters\u00e9g \u00e9s rendezv\u00e9nyszervez\u00e9s munkak\u00f6r\u00f6ket.<\/p><\/p>\n\n\n\n<p><\/p>\n\n\n\n<figure class=\"wp-block-embed is-type-wp-embed is-provider-fnc-f-v-rosi-nagycirkusz wp-block-embed-fnc-f-v-rosi-nagycirkusz\"><div class=\"wp-block-embed__wrapper\">\n<blockquote class=\"wp-embedded-content\" data-secret=\"0VhB4vvSvD\"><a href=\"https:\/\/fnc.hu\/a-cirkuszi-csoda-mindenkie-elmenyalapu-palyaorientacios-nyilt-napot-tartottunk-a-fovarosi-nagycirkuszban\/\">A cirkuszi csoda mindenki\u00e9 &#8211; \u00e9lm\u00e9nyalap\u00fa p\u00e1lyaorient\u00e1ci\u00f3s ny\u00edlt napot tartottunk a F\u0151v\u00e1rosi Nagycirkuszban!<\/a><\/blockquote><iframe loading=\"lazy\" class=\"wp-embedded-content\" sandbox=\"allow-scripts\" security=\"restricted\" style=\"position: absolute; visibility: hidden;\" title=\"&#8220;A cirkuszi csoda mindenki\u00e9 &#8211; \u00e9lm\u00e9nyalap\u00fa p\u00e1lyaorient\u00e1ci\u00f3s ny\u00edlt napot tartottunk a F\u0151v\u00e1rosi Nagycirkuszban!&#8221; &#8212; FNC - F\u0151v\u00e1rosi Nagycirkusz\" src=\"https:\/\/fnc.hu\/a-cirkuszi-csoda-mindenkie-elmenyalapu-palyaorientacios-nyilt-napot-tartottunk-a-fovarosi-nagycirkuszban\/embed\/#?secret=0VhB4vvSvD\" data-secret=\"0VhB4vvSvD\" width=\"500\" height=\"282\" frameborder=\"0\" marginwidth=\"0\" marginheight=\"0\" scrolling=\"no\"><\/iframe>\n<\/div><\/figure>\n\n\n\n<figure class=\"wp-block-gallery has-nested-images columns-default is-cropped wp-block-gallery-1 is-layout-flex wp-block-gallery-is-layout-flex\">\n<figure class=\"wp-block-image size-large\"><a href=\"http:\/\/192.168.44.5\/wp-content\/uploads\/2024\/09\/11-1.jpg\"><img loading=\"lazy\" decoding=\"async\" width=\"1024\" height=\"683\" data-id=\"446\" src=\"http:\/\/192.168.44.5\/wp-content\/uploads\/2024\/09\/11-1-1024x683.jpg\" alt=\"\" class=\"wp-image-446\" srcset=\"http:\/\/192.168.44.5\/wp-content\/uploads\/2024\/09\/11-1-1024x683.jpg 1024w, http:\/\/192.168.44.5\/wp-content\/uploads\/2024\/09\/11-1-300x200.jpg 300w, http:\/\/192.168.44.5\/wp-content\/uploads\/2024\/09\/11-1-768x512.jpg 768w, http:\/\/192.168.44.5\/wp-content\/uploads\/2024\/09\/11-1-1536x1024.jpg 1536w, http:\/\/192.168.44.5\/wp-content\/uploads\/2024\/09\/11-1.jpg 2048w\" sizes=\"auto, (max-width: 1024px) 100vw, 1024px\" \/><\/a><\/figure>\n\n\n\n<figure class=\"wp-block-image size-large\"><a href=\"http:\/\/192.168.44.5\/wp-content\/uploads\/2024\/09\/20.jpg\"><img loading=\"lazy\" decoding=\"async\" width=\"1024\" height=\"683\" data-id=\"439\" src=\"http:\/\/192.168.44.5\/wp-content\/uploads\/2024\/09\/20-1024x683.jpg\" alt=\"\" class=\"wp-image-439\" srcset=\"http:\/\/192.168.44.5\/wp-content\/uploads\/2024\/09\/20-1024x683.jpg 1024w, http:\/\/192.168.44.5\/wp-content\/uploads\/2024\/09\/20-300x200.jpg 300w, http:\/\/192.168.44.5\/wp-content\/uploads\/2024\/09\/20-768x512.jpg 768w, http:\/\/192.168.44.5\/wp-content\/uploads\/2024\/09\/20-1536x1024.jpg 1536w, http:\/\/192.168.44.5\/wp-content\/uploads\/2024\/09\/20.jpg 2048w\" sizes=\"auto, (max-width: 1024px) 100vw, 1024px\" \/><\/a><\/figure>\n\n\n\n<figure class=\"wp-block-image size-large\"><a href=\"http:\/\/192.168.44.5\/wp-content\/uploads\/2024\/09\/21.jpg\"><img loading=\"lazy\" decoding=\"async\" width=\"1024\" height=\"683\" data-id=\"440\" src=\"http:\/\/192.168.44.5\/wp-content\/uploads\/2024\/09\/21-1024x683.jpg\" alt=\"\" class=\"wp-image-440\" srcset=\"http:\/\/192.168.44.5\/wp-content\/uploads\/2024\/09\/21-1024x683.jpg 1024w, http:\/\/192.168.44.5\/wp-content\/uploads\/2024\/09\/21-300x200.jpg 300w, http:\/\/192.168.44.5\/wp-content\/uploads\/2024\/09\/21-768x512.jpg 768w, http:\/\/192.168.44.5\/wp-content\/uploads\/2024\/09\/21-1536x1024.jpg 1536w, http:\/\/192.168.44.5\/wp-content\/uploads\/2024\/09\/21.jpg 2048w\" sizes=\"auto, (max-width: 1024px) 100vw, 1024px\" \/><\/a><\/figure>\n\n\n\n<figure class=\"wp-block-image size-large\"><a href=\"http:\/\/192.168.44.5\/wp-content\/uploads\/2024\/09\/22.jpg\"><img loading=\"lazy\" decoding=\"async\" width=\"1024\" height=\"683\" data-id=\"441\" src=\"http:\/\/192.168.44.5\/wp-content\/uploads\/2024\/09\/22-1024x683.jpg\" alt=\"\" class=\"wp-image-441\" srcset=\"http:\/\/192.168.44.5\/wp-content\/uploads\/2024\/09\/22-1024x683.jpg 1024w, http:\/\/192.168.44.5\/wp-content\/uploads\/2024\/09\/22-300x200.jpg 300w, http:\/\/192.168.44.5\/wp-content\/uploads\/2024\/09\/22-768x512.jpg 768w, http:\/\/192.168.44.5\/wp-content\/uploads\/2024\/09\/22-1536x1024.jpg 1536w, http:\/\/192.168.44.5\/wp-content\/uploads\/2024\/09\/22.jpg 2048w\" sizes=\"auto, (max-width: 1024px) 100vw, 1024px\" \/><\/a><\/figure>\n\n\n\n<figure class=\"wp-block-image size-large\"><a href=\"http:\/\/192.168.44.5\/wp-content\/uploads\/2024\/09\/23.jpg\"><img loading=\"lazy\" decoding=\"async\" width=\"1024\" height=\"683\" data-id=\"442\" src=\"http:\/\/192.168.44.5\/wp-content\/uploads\/2024\/09\/23-1024x683.jpg\" alt=\"\" class=\"wp-image-442\" srcset=\"http:\/\/192.168.44.5\/wp-content\/uploads\/2024\/09\/23-1024x683.jpg 1024w, http:\/\/192.168.44.5\/wp-content\/uploads\/2024\/09\/23-300x200.jpg 300w, http:\/\/192.168.44.5\/wp-content\/uploads\/2024\/09\/23-768x512.jpg 768w, http:\/\/192.168.44.5\/wp-content\/uploads\/2024\/09\/23-1536x1024.jpg 1536w, http:\/\/192.168.44.5\/wp-content\/uploads\/2024\/09\/23.jpg 2048w\" sizes=\"auto, (max-width: 1024px) 100vw, 1024px\" \/><\/a><\/figure>\n\n\n\n<figure class=\"wp-block-image size-large\"><a href=\"http:\/\/192.168.44.5\/wp-content\/uploads\/2024\/09\/18.jpg\"><img loading=\"lazy\" decoding=\"async\" width=\"1024\" height=\"683\" data-id=\"436\" src=\"http:\/\/192.168.44.5\/wp-content\/uploads\/2024\/09\/18-1024x683.jpg\" alt=\"\" class=\"wp-image-436\" srcset=\"http:\/\/192.168.44.5\/wp-content\/uploads\/2024\/09\/18-1024x683.jpg 1024w, http:\/\/192.168.44.5\/wp-content\/uploads\/2024\/09\/18-300x200.jpg 300w, http:\/\/192.168.44.5\/wp-content\/uploads\/2024\/09\/18-768x512.jpg 768w, http:\/\/192.168.44.5\/wp-content\/uploads\/2024\/09\/18-1536x1024.jpg 1536w, http:\/\/192.168.44.5\/wp-content\/uploads\/2024\/09\/18.jpg 2048w\" sizes=\"auto, (max-width: 1024px) 100vw, 1024px\" \/><\/a><\/figure>\n\n\n\n<figure class=\"wp-block-image size-large\"><a href=\"http:\/\/192.168.44.5\/wp-content\/uploads\/2024\/09\/11.jpg\"><img loading=\"lazy\" decoding=\"async\" width=\"1024\" height=\"683\" data-id=\"430\" src=\"http:\/\/192.168.44.5\/wp-content\/uploads\/2024\/09\/11-1024x683.jpg\" alt=\"\" class=\"wp-image-430\" srcset=\"http:\/\/192.168.44.5\/wp-content\/uploads\/2024\/09\/11-1024x683.jpg 1024w, http:\/\/192.168.44.5\/wp-content\/uploads\/2024\/09\/11-300x200.jpg 300w, http:\/\/192.168.44.5\/wp-content\/uploads\/2024\/09\/11-768x512.jpg 768w, http:\/\/192.168.44.5\/wp-content\/uploads\/2024\/09\/11-1536x1024.jpg 1536w, http:\/\/192.168.44.5\/wp-content\/uploads\/2024\/09\/11.jpg 2048w\" sizes=\"auto, (max-width: 1024px) 100vw, 1024px\" \/><\/a><\/figure>\n\n\n\n<figure class=\"wp-block-image size-large\"><a href=\"http:\/\/192.168.44.5\/wp-content\/uploads\/2024\/09\/14.jpg\"><img loading=\"lazy\" decoding=\"async\" width=\"1024\" height=\"683\" data-id=\"433\" src=\"http:\/\/192.168.44.5\/wp-content\/uploads\/2024\/09\/14-1024x683.jpg\" alt=\"\" class=\"wp-image-433\" srcset=\"http:\/\/192.168.44.5\/wp-content\/uploads\/2024\/09\/14-1024x683.jpg 1024w, http:\/\/192.168.44.5\/wp-content\/uploads\/2024\/09\/14-300x200.jpg 300w, http:\/\/192.168.44.5\/wp-content\/uploads\/2024\/09\/14-768x512.jpg 768w, http:\/\/192.168.44.5\/wp-content\/uploads\/2024\/09\/14-1536x1024.jpg 1536w, http:\/\/192.168.44.5\/wp-content\/uploads\/2024\/09\/14.jpg 2048w\" sizes=\"auto, (max-width: 1024px) 100vw, 1024px\" \/><\/a><\/figure>\n\n\n\n<figure class=\"wp-block-image size-large\"><a href=\"http:\/\/192.168.44.5\/wp-content\/uploads\/2024\/09\/17.jpg\"><img loading=\"lazy\" decoding=\"async\" width=\"1024\" height=\"683\" data-id=\"434\" src=\"http:\/\/192.168.44.5\/wp-content\/uploads\/2024\/09\/17-1024x683.jpg\" alt=\"\" class=\"wp-image-434\" srcset=\"http:\/\/192.168.44.5\/wp-content\/uploads\/2024\/09\/17-1024x683.jpg 1024w, http:\/\/192.168.44.5\/wp-content\/uploads\/2024\/09\/17-300x200.jpg 300w, http:\/\/192.168.44.5\/wp-content\/uploads\/2024\/09\/17-768x512.jpg 768w, http:\/\/192.168.44.5\/wp-content\/uploads\/2024\/09\/17-1536x1024.jpg 1536w, http:\/\/192.168.44.5\/wp-content\/uploads\/2024\/09\/17.jpg 2048w\" sizes=\"auto, (max-width: 1024px) 100vw, 1024px\" \/><\/a><\/figure>\n\n\n\n<figure class=\"wp-block-image size-large\"><a href=\"http:\/\/192.168.44.5\/wp-content\/uploads\/2024\/09\/15.jpg\"><img loading=\"lazy\" decoding=\"async\" width=\"1024\" height=\"683\" data-id=\"435\" src=\"http:\/\/192.168.44.5\/wp-content\/uploads\/2024\/09\/15-1024x683.jpg\" alt=\"\" class=\"wp-image-435\" srcset=\"http:\/\/192.168.44.5\/wp-content\/uploads\/2024\/09\/15-1024x683.jpg 1024w, http:\/\/192.168.44.5\/wp-content\/uploads\/2024\/09\/15-300x200.jpg 300w, http:\/\/192.168.44.5\/wp-content\/uploads\/2024\/09\/15-768x512.jpg 768w, http:\/\/192.168.44.5\/wp-content\/uploads\/2024\/09\/15-1536x1024.jpg 1536w, http:\/\/192.168.44.5\/wp-content\/uploads\/2024\/09\/15.jpg 2048w\" sizes=\"auto, (max-width: 1024px) 100vw, 1024px\" \/><\/a><\/figure>\n\n\n\n<figure class=\"wp-block-image size-large\"><a href=\"http:\/\/192.168.44.5\/wp-content\/uploads\/2024\/09\/19.jpg\"><img loading=\"lazy\" decoding=\"async\" width=\"1024\" height=\"683\" data-id=\"438\" src=\"http:\/\/192.168.44.5\/wp-content\/uploads\/2024\/09\/19-1024x683.jpg\" alt=\"\" class=\"wp-image-438\" srcset=\"http:\/\/192.168.44.5\/wp-content\/uploads\/2024\/09\/19-1024x683.jpg 1024w, http:\/\/192.168.44.5\/wp-content\/uploads\/2024\/09\/19-300x200.jpg 300w, http:\/\/192.168.44.5\/wp-content\/uploads\/2024\/09\/19-768x512.jpg 768w, http:\/\/192.168.44.5\/wp-content\/uploads\/2024\/09\/19-1536x1024.jpg 1536w, http:\/\/192.168.44.5\/wp-content\/uploads\/2024\/09\/19.jpg 2048w\" sizes=\"auto, (max-width: 1024px) 100vw, 1024px\" \/><\/a><\/figure>\n\n\n\n<figure class=\"wp-block-image size-large\"><a href=\"http:\/\/192.168.44.5\/wp-content\/uploads\/2024\/09\/16.jpg\"><img loading=\"lazy\" decoding=\"async\" width=\"1024\" height=\"683\" data-id=\"437\" src=\"http:\/\/192.168.44.5\/wp-content\/uploads\/2024\/09\/16-1024x683.jpg\" alt=\"\" class=\"wp-image-437\" srcset=\"http:\/\/192.168.44.5\/wp-content\/uploads\/2024\/09\/16-1024x683.jpg 1024w, http:\/\/192.168.44.5\/wp-content\/uploads\/2024\/09\/16-300x200.jpg 300w, http:\/\/192.168.44.5\/wp-content\/uploads\/2024\/09\/16-768x512.jpg 768w, http:\/\/192.168.44.5\/wp-content\/uploads\/2024\/09\/16-1536x1024.jpg 1536w, http:\/\/192.168.44.5\/wp-content\/uploads\/2024\/09\/16.jpg 2048w\" sizes=\"auto, (max-width: 1024px) 100vw, 1024px\" \/><\/a><\/figure>\n\n\n\n<figure class=\"wp-block-image size-large\"><a href=\"http:\/\/192.168.44.5\/wp-content\/uploads\/2024\/09\/12.jpg\"><img loading=\"lazy\" decoding=\"async\" width=\"1024\" height=\"683\" data-id=\"431\" src=\"http:\/\/192.168.44.5\/wp-content\/uploads\/2024\/09\/12-1024x683.jpg\" alt=\"\" class=\"wp-image-431\" srcset=\"http:\/\/192.168.44.5\/wp-content\/uploads\/2024\/09\/12-1024x683.jpg 1024w, http:\/\/192.168.44.5\/wp-content\/uploads\/2024\/09\/12-300x200.jpg 300w, http:\/\/192.168.44.5\/wp-content\/uploads\/2024\/09\/12-768x512.jpg 768w, http:\/\/192.168.44.5\/wp-content\/uploads\/2024\/09\/12-1536x1024.jpg 1536w, http:\/\/192.168.44.5\/wp-content\/uploads\/2024\/09\/12.jpg 2048w\" sizes=\"auto, (max-width: 1024px) 100vw, 1024px\" \/><\/a><\/figure>\n\n\n\n<figure class=\"wp-block-image size-large\"><a href=\"http:\/\/192.168.44.5\/wp-content\/uploads\/2024\/09\/13.jpg\"><img loading=\"lazy\" decoding=\"async\" width=\"1024\" height=\"683\" data-id=\"432\" src=\"http:\/\/192.168.44.5\/wp-content\/uploads\/2024\/09\/13-1024x683.jpg\" alt=\"\" class=\"wp-image-432\" srcset=\"http:\/\/192.168.44.5\/wp-content\/uploads\/2024\/09\/13-1024x683.jpg 1024w, http:\/\/192.168.44.5\/wp-content\/uploads\/2024\/09\/13-300x200.jpg 300w, http:\/\/192.168.44.5\/wp-content\/uploads\/2024\/09\/13-768x512.jpg 768w, http:\/\/192.168.44.5\/wp-content\/uploads\/2024\/09\/13-1536x1024.jpg 1536w, http:\/\/192.168.44.5\/wp-content\/uploads\/2024\/09\/13.jpg 2048w\" sizes=\"auto, (max-width: 1024px) 100vw, 1024px\" \/><\/a><\/figure>\n<\/figure>\n","protected":false},"excerpt":{"rendered":"<p>Az Apponyi Franciska J\u00f6v\u0151m\u0171hely Program m\u00e1sodik alprogramja egy 18 \u00e9ven aluliaknak sz\u00f3l\u00f3 p\u00e1lyaorient\u00e1ci\u00f3s program, amely a tov\u00e1bbtanul\u00e1sban \u00e9s tudatos p\u00e1lyav\u00e1laszt\u00e1sban ny\u00fajt seg\u00edts\u00e9get. Ehhez a Programhoz eddig a F\u0151v\u00e1rosi Nagycirkusz csatlakozott. A F\u0151v\u00e1rosi Nagycirkusz t\u00fal azon, hogy eddig 1000 gyermeknek \u00e9s k\u00eds\u00e9r\u0151j\u00e9nek biztos\u00edtott ingyenes l\u00e1togat\u00e1st cirkuszi el\u0151ad\u00e1saikra, p\u00e1lyaorient\u00e1ci\u00f3s napot szervezett, 14 \u00e9s 18 \u00e9ves gyermekv\u00e9delmi szakell\u00e1t\u00e1sban [&hellip;]<\/p>\n","protected":false},"author":1,"featured_media":446,"parent":0,"menu_order":0,"comment_status":"closed","ping_status":"closed","template":"","meta":{"footnotes":""},"class_list":["post-500","page","type-page","status-publish","has-post-thumbnail","hentry"],"_links":{"self":[{"href":"http:\/\/192.168.44.5\/index.php\/wp-json\/wp\/v2\/pages\/500","targetHints":{"allow":["GET"]}}],"collection":[{"href":"http:\/\/192.168.44.5\/index.php\/wp-json\/wp\/v2\/pages"}],"about":[{"href":"http:\/\/192.168.44.5\/index.php\/wp-json\/wp\/v2\/types\/page"}],"author":[{"embeddable":true,"href":"http:\/\/192.168.44.5\/index.php\/wp-json\/wp\/v2\/users\/1"}],"replies":[{"embeddable":true,"href":"http:\/\/192.168.44.5\/index.php\/wp-json\/wp\/v2\/comments?post=500"}],"version-history":[{"count":8,"href":"http:\/\/192.168.44.5\/index.php\/wp-json\/wp\/v2\/pages\/500\/revisions"}],"predecessor-version":[{"id":967,"href":"http:\/\/192.168.44.5\/index.php\/wp-json\/wp\/v2\/pages\/500\/revisions\/967"}],"wp:featuredmedia":[{"embeddable":true,"href":"http:\/\/192.168.44.5\/index.php\/wp-json\/wp\/v2\/media\/446"}],"wp:attachment":[{"href":"http:\/\/192.168.44.5\/index.php\/wp-json\/wp\/v2\/media?parent=500"}],"curies":[{"name":"wp","href":"https:\/\/api.w.org\/{rel}","templated":true}]}}