{"id":506,"date":"2024-09-12T14:33:23","date_gmt":"2024-09-12T12:33:23","guid":{"rendered":"http:\/\/192.168.44.5\/?page_id=506"},"modified":"2025-05-20T10:47:57","modified_gmt":"2025-05-20T08:47:57","slug":"elmeny-es-palyaorientacios-programok","status":"publish","type":"page","link":"http:\/\/192.168.44.5\/index.php\/elmeny-es-palyaorientacios-programok\/","title":{"rendered":"\u00c9lm\u00e9ny- \u00e9s p\u00e1lyaorient\u00e1ci\u00f3s programok"},"content":{"rendered":"\n<!DOCTYPE html>\n<html lang=\"hu\">\n<head>\n    <meta charset=\"UTF-8\">\n    <meta name=\"viewport\" content=\"width=device-width, initial-scale=1.0\">\n    <title>Ny\u00edlt Napok<\/title>\n    <style>\n        .custom-paragraph {\n            max-width: 65%;\n            margin: 0 auto;\n            text-align: left; \/* Balra z\u00e1r\u00e1s *\/\n            font-size: 20px; \/* Nagyobb bet\u0171m\u00e9ret *\/\n            font-weight: bold;\n            line-height: 2.5; \/* Nagyobb sork\u00f6z *\/\n        }\n    <\/style>\n<\/head>\n<body>\n\n<p class=\"custom-paragraph\">\n    <a href=\"http:\/\/192.168.44.5\/index.php\/cirkusz\/\" data-type=\"page\" data-id=\"500\">A cirkuszi csoda mindenki\u00e9 \u2013 \u00e9lm\u00e9nyalap\u00fa p\u00e1lyaorient\u00e1ci\u00f3s ny\u00edlt napot tartottunk a F\u0151v\u00e1rosi Nagycirkuszban!<\/a>\n<\/p>\n\n<p class=\"custom-paragraph\">\n    <a href=\"http:\/\/192.168.44.5\/index.php\/2024\/05\/31\/jovoepites\/\" data-type=\"page\" data-id=\"500\">J\u00f6v\u0151\u00e9p\u00edt\u00e9s a siker h\u00eddj\u00e1n: Az Apponyi Franciska Program ny\u00edlt napja az OTP Bank \u00e9s a Bel\u00fcgyminiszt\u00e9rium T\u00e1mogat\u00e1s\u00e1val<\/a>\n<\/p>\n\n<p class=\"custom-paragraph\">\n    <a href=\"http:\/\/192.168.44.5\/index.php\/2024\/11\/07\/jovoepites-2-2-2-2\" data-type=\"page\" data-id=\"500\">Rendv\u00e9delmi hivat\u00e1s \u00e9s j\u00f6v\u0151 \u2013 p\u00e1lyaorient\u00e1ci\u00f3s ny\u00edlt nap a ROKK-ban<\/a>\n<\/p>\n\n<p class=\"custom-paragraph\">\n    <a href=\"http:\/\/192.168.44.5\/index.php\/2025\/03\/19\/jovoepites-2-2-2-2-2-2-2\" data-type=\"page\" data-id=\"500\">Karrierlehet\u0151s\u00e9gek testk\u00f6zelb\u0151l \u2013 P\u00e1lyaorient\u00e1ci\u00f3 a Fradin\u00e1l<\/a>\n<\/p>\n<p class=\"custom-paragraph\">\n    <a href=\"http:\/\/192.168.44.5\/index.php\/2025\/05\/19\/jovoepites-2-2-2-2-2-2-2-2\/\" data-type=\"page\" data-id=\"500\">Fradi p\u00e1lyaorient\u00e1ci\u00f3s nap 2.0<\/a>\n<\/p>\n<p class=\"custom-paragraph\">\n    <a href=\"http:\/\/192.168.44.5\/index.php\/2025\/05\/19\/jovoepites-2-2-2-2-2-2-2-2-2\/\" data-type=\"page\" data-id=\"500\">\u00dajabb p\u00e1lyaorient\u00e1ci\u00f3s nap a Fradin\u00e1l! 3.0<\/a>\n<\/p>\n<p class=\"custom-paragraph\">\n    <a href=\"http:\/\/192.168.44.5\/index.php\/2025\/05\/20\/jovoepites-2-2-2-2-2-2-2-2-2-2\/\" data-type=\"page\" data-id=\"500\">P\u00e1lyaorient\u00e1ci\u00f3s nap a F\u0151v\u00e1rosi Nagycirkruszban<\/a>\n<\/p>\n<\/body>\n<\/html>\n","protected":false},"excerpt":{"rendered":"<p>Ny\u00edlt Napok A cirkuszi csoda mindenki\u00e9 \u2013 \u00e9lm\u00e9nyalap\u00fa p\u00e1lyaorient\u00e1ci\u00f3s ny\u00edlt napot tartottunk a F\u0151v\u00e1rosi Nagycirkuszban! J\u00f6v\u0151\u00e9p\u00edt\u00e9s a siker h\u00eddj\u00e1n: Az Apponyi Franciska Program ny\u00edlt napja az OTP Bank \u00e9s a Bel\u00fcgyminiszt\u00e9rium T\u00e1mogat\u00e1s\u00e1val Rendv\u00e9delmi hivat\u00e1s \u00e9s j\u00f6v\u0151 \u2013 p\u00e1lyaorient\u00e1ci\u00f3s ny\u00edlt nap a ROKK-ban Karrierlehet\u0151s\u00e9gek testk\u00f6zelb\u0151l \u2013 P\u00e1lyaorient\u00e1ci\u00f3 a Fradin\u00e1l Fradi p\u00e1lyaorient\u00e1ci\u00f3s nap 2.0 \u00dajabb p\u00e1lyaorient\u00e1ci\u00f3s nap [&hellip;]<\/p>\n","protected":false},"author":1,"featured_media":0,"parent":0,"menu_order":0,"comment_status":"closed","ping_status":"closed","template":"","meta":{"footnotes":""},"class_list":["post-506","page","type-page","status-publish","hentry"],"_links":{"self":[{"href":"http:\/\/192.168.44.5\/index.php\/wp-json\/wp\/v2\/pages\/506","targetHints":{"allow":["GET"]}}],"collection":[{"href":"http:\/\/192.168.44.5\/index.php\/wp-json\/wp\/v2\/pages"}],"about":[{"href":"http:\/\/192.168.44.5\/index.php\/wp-json\/wp\/v2\/types\/page"}],"author":[{"embeddable":true,"href":"http:\/\/192.168.44.5\/index.php\/wp-json\/wp\/v2\/users\/1"}],"replies":[{"embeddable":true,"href":"http:\/\/192.168.44.5\/index.php\/wp-json\/wp\/v2\/comments?post=506"}],"version-history":[{"count":32,"href":"http:\/\/192.168.44.5\/index.php\/wp-json\/wp\/v2\/pages\/506\/revisions"}],"predecessor-version":[{"id":1380,"href":"http:\/\/192.168.44.5\/index.php\/wp-json\/wp\/v2\/pages\/506\/revisions\/1380"}],"wp:attachment":[{"href":"http:\/\/192.168.44.5\/index.php\/wp-json\/wp\/v2\/media?parent=506"}],"curies":[{"name":"wp","href":"https:\/\/api.w.org\/{rel}","templated":true}]}}